{"id":941,"date":"2022-05-21T10:17:16","date_gmt":"2022-05-21T10:17:16","guid":{"rendered":"https:\/\/modinatheme.com\/dustrix\/?page_id=941"},"modified":"2024-03-21T16:02:20","modified_gmt":"2024-03-21T16:02:20","slug":"about","status":"publish","type":"page","link":"https:\/\/ramirezlandscapinginc.com\/es\/about\/","title":{"rendered":"Acerca de"},"content":{"rendered":"<div data-elementor-type=\"wp-page\" data-elementor-id=\"941\" class=\"elementor elementor-941\" data-elementor-post-type=\"page\">\n\t\t\t\t\t\t<section class=\"elementor-section elementor-top-section elementor-element elementor-element-e66c969 elementor-section-content-middle elementor-section-boxed elementor-section-height-default elementor-section-height-default\" data-id=\"e66c969\" data-element_type=\"section\" data-e-type=\"section\" data-settings=\"{&quot;background_background&quot;:&quot;classic&quot;}\">\n\t\t\t\t\t\t<div class=\"elementor-container elementor-column-gap-default\">\n\t\t\t\t\t<div class=\"elementor-column elementor-col-50 elementor-top-column elementor-element elementor-element-f192c5c\" data-id=\"f192c5c\" data-element_type=\"column\" data-e-type=\"column\">\n\t\t\t<div class=\"elementor-widget-wrap elementor-element-populated\">\n\t\t\t\t\t\t<div class=\"elementor-element elementor-element-de85d99 elementor-widget elementor-widget-modina_mask_countup\" data-id=\"de85d99\" data-element_type=\"widget\" data-e-type=\"widget\" data-widget_type=\"modina_mask_countup.default\">\n\t\t\t\t<div class=\"elementor-widget-container\">\n\t\t\t\t\t    \r\n            <div class=\"mask-outline text-center\" style=\"background-image: url('https:\/\/ramirezlandscapinginc.com\/wp-content\/uploads\/2024\/03\/IMG-20240317-WA0020.jpg'); background-position: bottom\">\r\n                            <h1>22<\/h1>\r\n                    <\/div>\r\n        \t\t\t\t<\/div>\n\t\t\t\t<\/div>\n\t\t\t\t<div class=\"elementor-element elementor-element-465b62d elementor-widget elementor-widget-heading\" data-id=\"465b62d\" data-element_type=\"widget\" data-e-type=\"widget\" data-widget_type=\"heading.default\">\n\t\t\t\t<div class=\"elementor-widget-container\">\n\t\t\t\t\t<h4 class=\"elementor-heading-title elementor-size-default\">A\u00f1os de experiencia<\/h4>\t\t\t\t<\/div>\n\t\t\t\t<\/div>\n\t\t\t\t\t<\/div>\n\t\t<\/div>\n\t\t\t\t<div class=\"elementor-column elementor-col-50 elementor-top-column elementor-element elementor-element-e5e97cf\" data-id=\"e5e97cf\" data-element_type=\"column\" data-e-type=\"column\">\n\t\t\t<div class=\"elementor-widget-wrap elementor-element-populated\">\n\t\t\t\t\t\t<div class=\"elementor-element elementor-element-e0e0f08 elementor-widget elementor-widget-modina_section_title\" data-id=\"e0e0f08\" data-element_type=\"widget\" data-e-type=\"widget\" data-widget_type=\"modina_section_title.default\">\n\t\t\t\t<div class=\"elementor-widget-container\">\n\t\t\t\t\t        <div class=\"section-title text-start\">\r\n        <span>Servicios<\/span>\r\n        <p>En Ramirez Landscaping estamos comprometidos con nuestros clientes. <\/p>\r\n        <h2>D\u00e9janos servirte con la calidad que te mereces.<\/h2>\r\n    <\/div>\r\n    \r\n    \r\n        \t\t\t\t<\/div>\n\t\t\t\t<\/div>\n\t\t\t\t<div class=\"elementor-element elementor-element-2eae945 elementor-widget elementor-widget-heading\" data-id=\"2eae945\" data-element_type=\"widget\" data-e-type=\"widget\" data-widget_type=\"heading.default\">\n\t\t\t\t<div class=\"elementor-widget-container\">\n\t\t\t\t\t<h4 class=\"elementor-heading-title elementor-size-default\">Podemos encargarnos de sus necesidades de paisajismo, pregunte por: <\/h4>\t\t\t\t<\/div>\n\t\t\t\t<\/div>\n\t\t\t\t<div class=\"elementor-element elementor-element-31024bf elementor-widget elementor-widget-heading\" data-id=\"31024bf\" data-element_type=\"widget\" data-e-type=\"widget\" data-widget_type=\"heading.default\">\n\t\t\t\t<div class=\"elementor-widget-container\">\n\t\t\t\t\t<p class=\"elementor-heading-title elementor-size-default\">En Ramirez Landscaping estamos comprometidos con nuestros clientes a brindarles recomendaciones una vez entregado cada servicio. Podemos encargarnos de sus necesidades de paisajismo, solicite: excavaci\u00f3n general + nivelaci\u00f3n, soluciones de drenaje, instalaci\u00f3n de c\u00e9sped\/c\u00e9sped, muros de contenci\u00f3n, adoquines\/patios, fogatas, cocinas al aire libre, instalaci\u00f3n\/poda de \u00e1rboles\/arbustos, entrega de grava\/mantillo + instalaci\u00f3n, mantenimiento comercial \/ HOA entre otros.\nPerm\u00edtanos atenderle con la calidad que se merece, cont\u00e1ctenos al (919) 673-0780, le daremos un presupuesto gratuito.\n<\/p>\t\t\t\t<\/div>\n\t\t\t\t<\/div>\n\t\t\t\t<div class=\"elementor-element elementor-element-ac2ad76 elementor-widget elementor-widget-button\" data-id=\"ac2ad76\" data-element_type=\"widget\" data-e-type=\"widget\" data-widget_type=\"button.default\">\n\t\t\t\t<div class=\"elementor-widget-container\">\n\t\t\t\t\t\t\t\t\t<div class=\"elementor-button-wrapper\">\n\t\t\t\t\t<a class=\"elementor-button elementor-button-link elementor-size-sm\" href=\"https:\/\/ramirezlandscapinginc.com\/es\/contact-us\/\">\n\t\t\t\t\t\t<span class=\"elementor-button-content-wrapper\">\n\t\t\t\t\t\t<span class=\"elementor-button-icon\">\n\t\t\t\t<svg aria-hidden=\"true\" class=\"e-font-icon-svg e-fas-long-arrow-alt-right\" viewbox=\"0 0 448 512\" xmlns=\"http:\/\/www.w3.org\/2000\/svg\"><path d=\"M313.941 216H12c-6.627 0-12 5.373-12 12v56c0 6.627 5.373 12 12 12h301.941v46.059c0 21.382 25.851 32.09 40.971 16.971l86.059-86.059c9.373-9.373 9.373-24.569 0-33.941l-86.059-86.059c-15.119-15.119-40.971-4.411-40.971 16.971V216z\"><\/path><\/svg>\t\t\t<\/span>\n\t\t\t\t\t\t\t\t\t<span class=\"elementor-button-text\">Ponerse en contacto<\/span>\n\t\t\t\t\t<\/span>\n\t\t\t\t\t<\/a>\n\t\t\t\t<\/div>\n\t\t\t\t\t\t\t\t<\/div>\n\t\t\t\t<\/div>\n\t\t\t\t\t<\/div>\n\t\t<\/div>\n\t\t\t\t\t<\/div>\n\t\t<\/section>\n\t\t\t\t<section class=\"elementor-section elementor-top-section elementor-element elementor-element-9bb0f6b elementor-section-boxed elementor-section-height-default elementor-section-height-default\" data-id=\"9bb0f6b\" data-element_type=\"section\" data-e-type=\"section\" data-settings=\"{&quot;background_background&quot;:&quot;classic&quot;}\">\n\t\t\t\t\t\t<div class=\"elementor-container elementor-column-gap-default\">\n\t\t\t\t\t<div class=\"elementor-column elementor-col-100 elementor-top-column elementor-element elementor-element-12e6227\" data-id=\"12e6227\" data-element_type=\"column\" data-e-type=\"column\">\n\t\t\t<div class=\"elementor-widget-wrap elementor-element-populated\">\n\t\t\t\t\t\t<div class=\"elementor-element elementor-element-57901d6 elementor-widget elementor-widget-modina_section_title\" data-id=\"57901d6\" data-element_type=\"widget\" data-e-type=\"widget\" data-widget_type=\"modina_section_title.default\">\n\t\t\t\t<div class=\"elementor-widget-container\">\n\t\t\t\t\t        <div class=\"section-title text-center\">\r\n        <span>Approch<\/span>\r\n        <p>Nuestro enfoque<\/p>\r\n        <h2>Aproveche nuestros servicios<\/h2>\r\n    <\/div>\r\n    \r\n    \r\n        \t\t\t\t<\/div>\n\t\t\t\t<\/div>\n\t\t\t\t<section class=\"elementor-section elementor-inner-section elementor-element elementor-element-7efb471 elementor-section-full_width elementor-section-height-default elementor-section-height-default\" data-id=\"7efb471\" data-element_type=\"section\" data-e-type=\"section\">\n\t\t\t\t\t\t<div class=\"elementor-container elementor-column-gap-default\">\n\t\t\t\t\t<div class=\"elementor-column elementor-col-33 elementor-inner-column elementor-element elementor-element-7057e3d\" data-id=\"7057e3d\" data-element_type=\"column\" data-e-type=\"column\">\n\t\t\t<div class=\"elementor-widget-wrap elementor-element-populated\">\n\t\t\t\t\t\t<div class=\"elementor-element elementor-element-5ff9d58 elementor-widget elementor-widget-modina_card_item\" data-id=\"5ff9d58\" data-element_type=\"widget\" data-e-type=\"widget\" data-widget_type=\"modina_card_item.default\">\n\t\t\t\t<div class=\"elementor-widget-container\">\n\t\t\t\t\t\r\n        <div class=\"single-approach-card single-card-item\">\r\n                <div class=\"card-thumb bg-cover\" style=\"background-image: url('https:\/\/ramirezlandscapinginc.com\/wp-content\/uploads\/2024\/03\/IMG-20240317-WA0043.jpg')\"><\/div>\r\n                <div class=\"content\">\r\n                        <h3><a href=\"\">Vision<\/a><\/h3>\r\n            <p>Ser la empresa de paisajismo donde la gente de Raleigh, Carolina del Norte y las ciudades circundantes encuentren todas las soluciones t\u00e9cnicas y el asesoramiento necesario para crear y mantener sus jardines y paisajes.<\/p>\r\n            <a href=\"  \" class=\"read-btn\"> <i class=\"fal fa-long-arrow-right\"><\/i><\/a>\r\n        <\/div>\r\n    <\/div>\r\n        \t\t\t\t<\/div>\n\t\t\t\t<\/div>\n\t\t\t\t\t<\/div>\n\t\t<\/div>\n\t\t\t\t<div class=\"elementor-column elementor-col-33 elementor-inner-column elementor-element elementor-element-1f0f8dd\" data-id=\"1f0f8dd\" data-element_type=\"column\" data-e-type=\"column\">\n\t\t\t<div class=\"elementor-widget-wrap elementor-element-populated\">\n\t\t\t\t\t\t<div class=\"elementor-element elementor-element-8e7a68c elementor-widget elementor-widget-modina_card_item\" data-id=\"8e7a68c\" data-element_type=\"widget\" data-e-type=\"widget\" data-widget_type=\"modina_card_item.default\">\n\t\t\t\t<div class=\"elementor-widget-container\">\n\t\t\t\t\t\r\n        <div class=\"single-approach-card single-card-item\">\r\n                <div class=\"card-thumb bg-cover\" style=\"background-image: url('https:\/\/ramirezlandscapinginc.com\/wp-content\/uploads\/2024\/03\/IMG-20240317-WA0051.jpg')\"><\/div>\r\n                <div class=\"content\">\r\n                        <h3><a href=\"\">Nuestros valores<\/a><\/h3>\r\n            <p>Calidad, Eficiencia, Servicio, Profesionalidad.<\/p>\r\n            <a href=\"  \" class=\"read-btn\"> <i class=\"fal fa-long-arrow-right\"><\/i><\/a>\r\n        <\/div>\r\n    <\/div>\r\n        \t\t\t\t<\/div>\n\t\t\t\t<\/div>\n\t\t\t\t\t<\/div>\n\t\t<\/div>\n\t\t\t\t<div class=\"elementor-column elementor-col-33 elementor-inner-column elementor-element elementor-element-49e65c8\" data-id=\"49e65c8\" data-element_type=\"column\" data-e-type=\"column\">\n\t\t\t<div class=\"elementor-widget-wrap elementor-element-populated\">\n\t\t\t\t\t\t<div class=\"elementor-element elementor-element-d540a80 elementor-widget elementor-widget-modina_card_item\" data-id=\"d540a80\" data-element_type=\"widget\" data-e-type=\"widget\" data-widget_type=\"modina_card_item.default\">\n\t\t\t\t<div class=\"elementor-widget-container\">\n\t\t\t\t\t\r\n        <div class=\"single-approach-card single-card-item\">\r\n                <div class=\"card-thumb bg-cover\" style=\"background-image: url('https:\/\/ramirezlandscapinginc.com\/wp-content\/uploads\/2024\/03\/IMG-20240317-WA0032.jpg')\"><\/div>\r\n                <div class=\"content\">\r\n                        <h3><a href=\"\">Misi\u00f3n<\/a><\/h3>\r\n            <p>Brindar dise\u00f1o, mantenimiento y perfecci\u00f3n en paisajismo y paisajismo para residencias y negocios en la ciudad de Raleigh, NC y ciudades aleda\u00f1as, dentro del ejercicio del profesionalismo con atenci\u00f3n personalizada.  <\/p>\r\n            <a href=\"  \" class=\"read-btn\"> <i class=\"fal fa-long-arrow-right\"><\/i><\/a>\r\n        <\/div>\r\n    <\/div>\r\n        \t\t\t\t<\/div>\n\t\t\t\t<\/div>\n\t\t\t\t\t<\/div>\n\t\t<\/div>\n\t\t\t\t\t<\/div>\n\t\t<\/section>\n\t\t\t\t\t<\/div>\n\t\t<\/div>\n\t\t\t\t\t<\/div>\n\t\t<\/section>\n\t\t\t\t<\/div>","protected":false},"excerpt":{"rendered":"<p>22 Years Of Experience With Services At Ramirez Landscaping we are committed to our clients Let us serve you with the quality you deserve. We can take care of your landscaping needs, ask for: At Ramirez Landscaping we are committed to our clients to provide recommendations once each service is delivered. We can take care [&hellip;]<\/p>\n","protected":false},"author":1,"featured_media":2286,"parent":0,"menu_order":0,"comment_status":"closed","ping_status":"closed","template":"elementor_header_footer","meta":{"footnotes":""},"class_list":["post-941","page","type-page","status-publish","has-post-thumbnail","hentry"],"acf":[],"_links":{"self":[{"href":"https:\/\/ramirezlandscapinginc.com\/es\/wp-json\/wp\/v2\/pages\/941","targetHints":{"allow":["GET"]}}],"collection":[{"href":"https:\/\/ramirezlandscapinginc.com\/es\/wp-json\/wp\/v2\/pages"}],"about":[{"href":"https:\/\/ramirezlandscapinginc.com\/es\/wp-json\/wp\/v2\/types\/page"}],"author":[{"embeddable":true,"href":"https:\/\/ramirezlandscapinginc.com\/es\/wp-json\/wp\/v2\/users\/1"}],"replies":[{"embeddable":true,"href":"https:\/\/ramirezlandscapinginc.com\/es\/wp-json\/wp\/v2\/comments?post=941"}],"version-history":[{"count":20,"href":"https:\/\/ramirezlandscapinginc.com\/es\/wp-json\/wp\/v2\/pages\/941\/revisions"}],"predecessor-version":[{"id":2392,"href":"https:\/\/ramirezlandscapinginc.com\/es\/wp-json\/wp\/v2\/pages\/941\/revisions\/2392"}],"wp:featuredmedia":[{"embeddable":true,"href":"https:\/\/ramirezlandscapinginc.com\/es\/wp-json\/wp\/v2\/media\/2286"}],"wp:attachment":[{"href":"https:\/\/ramirezlandscapinginc.com\/es\/wp-json\/wp\/v2\/media?parent=941"}],"curies":[{"name":"wp","href":"https:\/\/api.w.org\/{rel}","templated":true}]}}